{"id":2177,"date":"2023-10-16T12:36:37","date_gmt":"2023-10-16T12:36:37","guid":{"rendered":"https:\/\/www.ackermann-institutet.se\/jubileumjubilaum\/"},"modified":"2024-05-09T08:16:11","modified_gmt":"2024-05-09T08:16:11","slug":"jubileumjubilaum","status":"publish","type":"page","link":"https:\/\/www.ackermann-institutet.se\/de\/jubileumjubilaum\/","title":{"rendered":"Jubil\u00e4um"},"content":{"rendered":"\n\n\t\t\t\t<img decoding=\"async\" data-src=\"https:\/\/www.ackermann-institutet.se\/wp-content\/uploads\/2023\/11\/50ars.jpg\" alt=\"50ars\" itemprop=\"image\" height=\"250\" width=\"788\" title=\"50ars\" onerror=\"this.style.display='none'\" src=\"data:image\/svg+xml;base64,PHN2ZyB3aWR0aD0iMSIgaGVpZ2h0PSIxIiB4bWxucz0iaHR0cDovL3d3dy53My5vcmcvMjAwMC9zdmciPjwvc3ZnPg==\" class=\"lazyload\" style=\"--smush-placeholder-width: 788px; --smush-placeholder-aspect-ratio: 788\/250;\" \/>\n\t<h3>50-j\u00e4hriger Jubil\u00e4umskurs!<\/h3>\n<p>Lassen Sie uns gemeinsam feiern! Das Ackermann College zelebriert im Jahr 2024 seinen\u00a0<strong>50<\/strong>\u00a0Geburtstag! Wir m\u00f6chten diesem Jubil\u00e4um mit einem Kurs in Stockholm ehren. Der Veranstaltungsort wird das Hotel Birger Jarl sein, zentral in Stockholm gelegen, in der direkten N\u00e4he des Ackermann College.<\/p>\n<p><strong>Datum:<\/strong>\u00a016.-20. August 2024<\/p>\n<p><strong>Standort<\/strong>:\u00a0<a href=\"https:\/\/www.google.se\/maps\/place\/Hotel+Birger+Jarl+Stockholm\/@59.3423341,18.0624158,15z\/data=!4m9!3m8!1s0x465f9d691cb7ae53:0x7aeb011d557fbcf2!5m2!4m1!1i2!8m2!3d59.3423341!4d18.0624158!16s%2Fg%2F1yg4fbntg?entry=ttu\" target=\"_blank\" rel=\"noopener\">Hotel Birger Jarl<\/a>\u00a0Tulegatan 8, 113 53 Stockholm, Schweden<\/p>\n<p><strong>Kursgeb\u00fchr<\/strong>: Kursgeb\u00fchr 2290 \u20ac. In der Kursgeb\u00fchr sind Begr\u00fc\u00dfungsempfang, ein Jubil\u00e4umsdinner (au\u00dfer Refresher), Kaffeepausen, Kursmaterialien und ein Zertifikat\/Diplom enthalten.<\/p>\n<p><strong><a href=\"https:\/\/www.ackermann-institutet.se\/de\/jubileumjubilaum\/(https:\/\/boka.hotelbirgerjarl.se\/R?channelId=c953ceff-f4e9-46b2-ba60-4a2b7aa89178&amp;amp;amp;amp;initialPath=\/accommodation#\/accommodation)\" target=\"_blank\" rel=\"noopener\">Zimmerreservierung f\u00fcr das Hotel Birger Jarl:<\/a>\u00a0<\/strong>Wenn Sie buchen m\u00f6chten stehen Einzelzimmer 1344 SEK (inkl. Fr\u00fchst\u00fcck) bzw. Doppelzimmer 1568 SEK (inkl. Fr\u00fchst\u00fcck)zur Verf\u00fcgung. Der Buchungscode ist *45830* und funktioniert nur, wenn Sie per E-Mail:\u00a0<a href=\"mailto:group.meeting@birgerjarl.se\" target=\"_blank\" rel=\"noopener\">group.meeting@birgerjarl.se<\/a>\u00a0oder direkt per Telefon +46 8 674 18 10 buchen.<\/p>\n\t<style id=\"wpforms-css-vars-2243\">\n\t\t\t\t#wpforms-2243 {\n\t\t\t\t\n\t\t\t}\n\t\t\t<\/style><div class=\"wpforms-container wpforms-container-full wpforms-render-modern\" id=\"wpforms-2243\"><form id=\"wpforms-form-2243\" class=\"wpforms-validate wpforms-form wpforms-ajax-form\" data-formid=\"2243\" method=\"post\" enctype=\"multipart\/form-data\" action=\"\/de\/wp-json\/wp\/v2\/pages\/2177\" data-token=\"8e108a2e56fd1c03c9237cfbdd65f034\" data-token-time=\"1777448297\"><noscript class=\"wpforms-error-noscript\">Bitte aktiviere JavaScript in deinem Browser, um dieses Formular fertigzustellen.<\/noscript><div id=\"wpforms-error-noscript\" style=\"display: none;\">Bitte aktiviere JavaScript in deinem Browser, um dieses Formular fertigzustellen.<\/div><div class=\"wpforms-field-container\"><div id=\"wpforms-2243-field_3-container\" class=\"wpforms-field wpforms-field-checkbox\" data-field-id=\"3\"><fieldset><legend class=\"wpforms-field-label\">50-j\u00e4hriger Jubil\u00e4um <span class=\"wpforms-required-label\" aria-hidden=\"true\">*<\/span><\/legend><ul id=\"wpforms-2243-field_3\" class=\"wpforms-field-required\"><li class=\"choice-1 depth-1\"><input type=\"checkbox\" id=\"wpforms-2243-field_3_1\" name=\"wpforms[fields][3][]\" value=\"August, Fri 16.08 - 20.08 Stockholm *50-j\u00e4hriger Jubil\u00e4um*\" aria-errormessage=\"wpforms-2243-field_3_1-error\" required ><label class=\"wpforms-field-label-inline\" for=\"wpforms-2243-field_3_1\">August, Fri 16.08 - 20.08 Stockholm *50-j\u00e4hriger Jubil\u00e4um*<\/label><\/li><\/ul><\/fieldset><\/div><div id=\"wpforms-2243-field_4-container\" class=\"wpforms-field wpforms-field-radio\" data-field-id=\"4\"><fieldset><legend class=\"wpforms-field-label\">W\u00e4hlen Sie die Kursstufe <span class=\"wpforms-required-label\" aria-hidden=\"true\">*<\/span><\/legend><ul id=\"wpforms-2243-field_4\" class=\"wpforms-field-required\"><li class=\"choice-1 depth-1\"><input type=\"radio\" id=\"wpforms-2243-field_4_1\" name=\"wpforms[fields][4]\" value=\"50-j\u00e4hriger Jubil\u00e4um Grund, Aufbau und Ehren\" aria-errormessage=\"wpforms-2243-field_4_1-error\" required ><label class=\"wpforms-field-label-inline\" for=\"wpforms-2243-field_4_1\">50-j\u00e4hriger Jubil\u00e4um Grund, Aufbau und Ehren<\/label><\/li><li class=\"choice-2 depth-1\"><input type=\"radio\" id=\"wpforms-2243-field_4_2\" name=\"wpforms[fields][4]\" value=\"50-j\u00e4hriger Jubil\u00e4um Refresher (50% Rabatt f\u00fcr Aufbaukursabsolventen) Jubil\u00e4umsdinner im Preis ausgeschlossen.\" aria-errormessage=\"wpforms-2243-field_4_2-error\" required ><label class=\"wpforms-field-label-inline\" for=\"wpforms-2243-field_4_2\">50-j\u00e4hriger Jubil\u00e4um Refresher (50% Rabatt f\u00fcr Aufbaukursabsolventen) Jubil\u00e4umsdinner im Preis ausgeschlossen.<\/label><\/li><\/ul><\/fieldset><\/div><div id=\"wpforms-2243-field_5-container\" class=\"wpforms-field wpforms-field-text wpforms-one-third wpforms-first\" data-field-id=\"5\"><label class=\"wpforms-field-label\" for=\"wpforms-2243-field_5\">Name <span class=\"wpforms-required-label\" aria-hidden=\"true\">*<\/span><\/label><input type=\"text\" id=\"wpforms-2243-field_5\" class=\"wpforms-field-large wpforms-field-required\" name=\"wpforms[fields][5]\" aria-errormessage=\"wpforms-2243-field_5-error\" required><\/div><div id=\"wpforms-2243-field_6-container\" class=\"wpforms-field wpforms-field-text wpforms-one-third\" data-field-id=\"6\"><label class=\"wpforms-field-label\" for=\"wpforms-2243-field_6\">Strasse <span class=\"wpforms-required-label\" aria-hidden=\"true\">*<\/span><\/label><input type=\"text\" id=\"wpforms-2243-field_6\" class=\"wpforms-field-large wpforms-field-required\" name=\"wpforms[fields][6]\" aria-errormessage=\"wpforms-2243-field_6-error\" required><\/div><div id=\"wpforms-2243-field_7-container\" class=\"wpforms-field wpforms-field-text wpforms-one-third\" data-field-id=\"7\"><label class=\"wpforms-field-label\" for=\"wpforms-2243-field_7\">PLZ &amp; Ort <span class=\"wpforms-required-label\" aria-hidden=\"true\">*<\/span><\/label><input type=\"text\" id=\"wpforms-2243-field_7\" class=\"wpforms-field-large wpforms-field-required\" name=\"wpforms[fields][7]\" aria-errormessage=\"wpforms-2243-field_7-error\" required><\/div><div id=\"wpforms-2243-field_8-container\" class=\"wpforms-field wpforms-field-text wpforms-one-third wpforms-first\" data-field-id=\"8\"><label class=\"wpforms-field-label\" for=\"wpforms-2243-field_8\">Telefon <span class=\"wpforms-required-label\" aria-hidden=\"true\">*<\/span><\/label><input type=\"text\" id=\"wpforms-2243-field_8\" class=\"wpforms-field-large wpforms-field-required\" name=\"wpforms[fields][8]\" aria-errormessage=\"wpforms-2243-field_8-error\" required><\/div><div id=\"wpforms-2243-field_9-container\" class=\"wpforms-field wpforms-field-text wpforms-one-third\" data-field-id=\"9\"><label class=\"wpforms-field-label\" for=\"wpforms-2243-field_9\">E-mail <span class=\"wpforms-required-label\" aria-hidden=\"true\">*<\/span><\/label><input type=\"text\" id=\"wpforms-2243-field_9\" class=\"wpforms-field-large wpforms-field-required\" name=\"wpforms[fields][9]\" aria-errormessage=\"wpforms-2243-field_9-error\" required><\/div><div id=\"wpforms-2243-field_12-container\" class=\"wpforms-field wpforms-field-text wpforms-one-third\" data-field-id=\"12\"><label class=\"wpforms-field-label\" for=\"wpforms-2243-field_12\">Titel\/Beruf <span class=\"wpforms-required-label\" aria-hidden=\"true\">*<\/span><\/label><input type=\"text\" id=\"wpforms-2243-field_12\" class=\"wpforms-field-large wpforms-field-required\" name=\"wpforms[fields][12]\" aria-errormessage=\"wpforms-2243-field_12-error\" required><\/div><div id=\"wpforms-2243-field_13-container\" class=\"wpforms-field wpforms-field-text wpforms-one-third wpforms-first\" data-field-id=\"13\"><label class=\"wpforms-field-label\" for=\"wpforms-2243-field_13\">Kurs rabattkod<\/label><input type=\"text\" id=\"wpforms-2243-field_13\" class=\"wpforms-field-large\" name=\"wpforms[fields][13]\" aria-errormessage=\"wpforms-2243-field_13-error\" ><\/div><div id=\"wpforms-2243-field_14-container\" class=\"wpforms-field wpforms-field-select wpforms-one-third wpforms-field-select-style-classic\" data-field-id=\"14\"><label class=\"wpforms-field-label\" for=\"wpforms-2243-field_14\"> Wie sind Sie auf uns aufmerksam geworden?<\/label><select id=\"wpforms-2243-field_14\" class=\"wpforms-field-large\" name=\"wpforms[fields][14]\"><option value=\"Facebook\"  class=\"choice-1 depth-1\"  >Facebook<\/option><option value=\"Instagram\"  class=\"choice-2 depth-1\"  >Instagram<\/option><option value=\"Google\"  class=\"choice-4 depth-1\"  >Google<\/option><option value=\"Newsletter\"  class=\"choice-5 depth-1\"  >Newsletter<\/option><option value=\"Kollege\/In\"  class=\"choice-6 depth-1\"  >Kollege\/In<\/option><option value=\"Flyer\"  class=\"choice-7 depth-1\"  >Flyer<\/option><\/select><\/div><div id=\"wpforms-2243-field_16-container\" class=\"wpforms-field wpforms-field-text wpforms-one-third\" data-field-id=\"16\"><label class=\"wpforms-field-label\" for=\"wpforms-2243-field_16\">Land <span class=\"wpforms-required-label\" aria-hidden=\"true\">*<\/span><\/label><input type=\"text\" id=\"wpforms-2243-field_16\" class=\"wpforms-field-large wpforms-field-required\" name=\"wpforms[fields][16]\" aria-errormessage=\"wpforms-2243-field_16-error\" required><\/div><div id=\"wpforms-2243-field_15-container\" class=\"wpforms-field wpforms-field-checkbox\" data-field-id=\"15\"><fieldset><legend class=\"wpforms-field-label\">Best\u00e4tigen Sie Ihre Anmeldung <span class=\"wpforms-required-label\" aria-hidden=\"true\">*<\/span><\/legend><ul id=\"wpforms-2243-field_15\" class=\"wpforms-field-required\"><li class=\"choice-1 depth-1\"><input type=\"checkbox\" id=\"wpforms-2243-field_15_1\" name=\"wpforms[fields][15][]\" value=\"Von den oben stehenden Teilnahmebedingungen sowie den Allgemeinen Gesch\u00e4ftsbedingungen habe ich Kenntnis genommen und bin damit einverstanden\" aria-errormessage=\"wpforms-2243-field_15_1-error\" aria-describedby=\"wpforms-2243-field_15-description\" required ><label class=\"wpforms-field-label-inline\" for=\"wpforms-2243-field_15_1\">Von den oben stehenden Teilnahmebedingungen sowie den Allgemeinen Gesch\u00e4ftsbedingungen habe ich Kenntnis genommen und bin damit einverstanden<\/label><\/li><\/ul><div id=\"wpforms-2243-field_15-description\" class=\"wpforms-field-description\"><a href=\"https:\/\/docs.google.com\/document\/d\/1VJ_6uN9rYpp9Ne7BMBo9l7y15NDXBVrj4VWxr8xhGho\/edit?usp=sharing\" target=\"_blank\">Link zu AGB<\/a> <\/div><\/fieldset><\/div><\/div><!-- .wpforms-field-container --><div class=\"wpforms-submit-container\" ><input type=\"hidden\" name=\"wpforms[id]\" value=\"2243\"><input type=\"hidden\" name=\"page_title\" value=\"\"><input type=\"hidden\" name=\"page_url\" value=\"https:\/\/www.ackermann-institutet.se\/de\/wp-json\/wp\/v2\/pages\/2177\"><input type=\"hidden\" name=\"url_referer\" value=\"\"><button type=\"submit\" name=\"wpforms[submit]\" id=\"wpforms-submit-2243\" class=\"wpforms-submit\" data-alt-text=\"Senden\u2026\" data-submit-text=\"Schicken\" aria-live=\"assertive\" value=\"wpforms-submit\">Schicken<\/button><img decoding=\"async\" data-src=\"https:\/\/www.ackermann-institutet.se\/wp-content\/plugins\/wpforms-lite\/assets\/images\/submit-spin.svg\" class=\"wpforms-submit-spinner lazyload\" style=\"--smush-placeholder-width: 26px; --smush-placeholder-aspect-ratio: 26\/26;display: none;\" width=\"26\" height=\"26\" alt=\"Wird geladen\" src=\"data:image\/svg+xml;base64,PHN2ZyB3aWR0aD0iMSIgaGVpZ2h0PSIxIiB4bWxucz0iaHR0cDovL3d3dy53My5vcmcvMjAwMC9zdmciPjwvc3ZnPg==\"><\/div><\/form><\/div>  <!-- .wpforms-container -->\n\n","protected":false},"excerpt":{"rendered":"<p>50-j\u00e4hriger Jubil\u00e4umskurs! Lassen Sie uns gemeinsam feiern! Das Ackermann College zelebriert im Jahr 2024 seinen\u00a050\u00a0Geburtstag! Wir m\u00f6chten diesem Jubil\u00e4um mit einem Kurs in Stockholm ehren. Der Veranstaltungsort wird das Hotel Birger Jarl sein, zentral in Stockholm gelegen, in der direkten N\u00e4he des Ackermann College. Datum:\u00a016.-20. August 2024 Standort:\u00a0Hotel Birger Jarl\u00a0Tulegatan 8, 113 53 Stockholm, Schweden &#8230; <a title=\"Jubil\u00e4um\" class=\"read-more\" href=\"https:\/\/www.ackermann-institutet.se\/de\/jubileumjubilaum\/\" aria-label=\"Mehr Informationen \u00fcber Jubil\u00e4um\">Weiterlesen<\/a><\/p>\n","protected":false},"author":1,"featured_media":0,"parent":0,"menu_order":0,"comment_status":"closed","ping_status":"closed","template":"","meta":{"content-type":"","_uf_show_specific_survey":0,"_uf_disable_surveys":false,"footnotes":""},"class_list":["post-2177","page","type-page","status-publish"],"acf":[],"_links":{"self":[{"href":"https:\/\/www.ackermann-institutet.se\/de\/wp-json\/wp\/v2\/pages\/2177","targetHints":{"allow":["GET"]}}],"collection":[{"href":"https:\/\/www.ackermann-institutet.se\/de\/wp-json\/wp\/v2\/pages"}],"about":[{"href":"https:\/\/www.ackermann-institutet.se\/de\/wp-json\/wp\/v2\/types\/page"}],"author":[{"embeddable":true,"href":"https:\/\/www.ackermann-institutet.se\/de\/wp-json\/wp\/v2\/users\/1"}],"replies":[{"embeddable":true,"href":"https:\/\/www.ackermann-institutet.se\/de\/wp-json\/wp\/v2\/comments?post=2177"}],"version-history":[{"count":7,"href":"https:\/\/www.ackermann-institutet.se\/de\/wp-json\/wp\/v2\/pages\/2177\/revisions"}],"predecessor-version":[{"id":2278,"href":"https:\/\/www.ackermann-institutet.se\/de\/wp-json\/wp\/v2\/pages\/2177\/revisions\/2278"}],"wp:attachment":[{"href":"https:\/\/www.ackermann-institutet.se\/de\/wp-json\/wp\/v2\/media?parent=2177"}],"curies":[{"name":"wp","href":"https:\/\/api.w.org\/{rel}","templated":true}]}}