{"id":2068,"date":"2021-03-22T12:18:44","date_gmt":"2021-03-22T12:18:44","guid":{"rendered":"https:\/\/www.ackermann-institutet.se\/vielen-dank-fur-ihre-anmeldung\/"},"modified":"2021-03-23T15:15:50","modified_gmt":"2021-03-23T15:15:50","slug":"vielen-dank-fur-ihre-anmeldung","status":"publish","type":"page","link":"https:\/\/www.ackermann-institutet.se\/de\/vielen-dank-fur-ihre-anmeldung\/","title":{"rendered":"Vielen Dank f\u00fcr Ihre Anmeldung!"},"content":{"rendered":"\n\t<h1>Vielen Dank f\u00fcr Ihre Anmeldung!<\/h1>\n<p>Ihre Anmeldung an das Ackermann College ist eingegangen und wird bearbeitet.<\/p>\n<p>Sie erhalten in K\u00fcrze eine E-Mail mit Best\u00e4tigung und Kursinformationen, sobald die Anmeldung zur Registrierung zugelassen ist.<\/p>\nMit freundlichen Gr\u00fc\u00dfen<br \/>\nAckermann College\n","protected":false},"excerpt":{"rendered":"<p>Vielen Dank f\u00fcr Ihre Anmeldung! Ihre Anmeldung an das Ackermann College ist eingegangen und wird bearbeitet. Sie erhalten in K\u00fcrze eine E-Mail mit Best\u00e4tigung und Kursinformationen, sobald die Anmeldung zur Registrierung zugelassen ist. Mit freundlichen Gr\u00fc\u00dfen Ackermann College<\/p>\n","protected":false},"author":1,"featured_media":0,"parent":0,"menu_order":0,"comment_status":"closed","ping_status":"closed","template":"","meta":{"content-type":"","_uf_show_specific_survey":0,"_uf_disable_surveys":false,"footnotes":""},"class_list":["post-2068","page","type-page","status-publish"],"acf":[],"_links":{"self":[{"href":"https:\/\/www.ackermann-institutet.se\/de\/wp-json\/wp\/v2\/pages\/2068","targetHints":{"allow":["GET"]}}],"collection":[{"href":"https:\/\/www.ackermann-institutet.se\/de\/wp-json\/wp\/v2\/pages"}],"about":[{"href":"https:\/\/www.ackermann-institutet.se\/de\/wp-json\/wp\/v2\/types\/page"}],"author":[{"embeddable":true,"href":"https:\/\/www.ackermann-institutet.se\/de\/wp-json\/wp\/v2\/users\/1"}],"replies":[{"embeddable":true,"href":"https:\/\/www.ackermann-institutet.se\/de\/wp-json\/wp\/v2\/comments?post=2068"}],"version-history":[{"count":7,"href":"https:\/\/www.ackermann-institutet.se\/de\/wp-json\/wp\/v2\/pages\/2068\/revisions"}],"predecessor-version":[{"id":2086,"href":"https:\/\/www.ackermann-institutet.se\/de\/wp-json\/wp\/v2\/pages\/2068\/revisions\/2086"}],"wp:attachment":[{"href":"https:\/\/www.ackermann-institutet.se\/de\/wp-json\/wp\/v2\/media?parent=2068"}],"curies":[{"name":"wp","href":"https:\/\/api.w.org\/{rel}","templated":true}]}}