{"id":1574,"date":"2019-03-27T09:00:15","date_gmt":"2019-03-27T09:00:15","guid":{"rendered":"https:\/\/www.ackermann-institutet.se\/behandling\/chiropraktik\/"},"modified":"2019-03-29T07:04:25","modified_gmt":"2019-03-29T07:04:25","slug":"chiropraktik","status":"publish","type":"page","link":"https:\/\/www.ackermann-institutet.se\/de\/behandlung\/chiropraktik\/","title":{"rendered":"Chiropraktik"},"content":{"rendered":"\r\n<h1>Chiropraktik<\/h1>\r\n<p>Die qualifizierten Therapeuten hier im Ackermann-Institut verf\u00fcgen \u00fcber umfangreiche Erfahrung und profundes Wissen \u00fcber R\u00fcckenschmerzen.<br \/>Das Wort Chiropraktik kommt aus dem Griechischen. Chiro = H\u00e4nde, praktos = tun. Mit der Hilfe seiner H\u00e4nde stellt der Therapeut die normale Funktion der Wirbels\u00e4ule wieder her. Die Chiropraktik umfasst Diagnose, Behandlung, Rehabilitation und Pr\u00e4vention von R\u00fcckenproblemen. <a role=\"button\" href=\"mailto:info@ackermann-institutet.se\" target=\"_blank\" rel=\"noopener\"> Kontaktieren Sie uns <\/a><\/p>\r\n<ul>\r\n<li><a href=\"#first-slide\">Einleitung<\/a><\/li>\r\n<li><a href=\"#text-slide\">\u00dcber das Symptom<\/a><\/li>\r\n<\/ul>\r\n<p>Das Wort Chiropraktik kommt aus dem Griechischen. Chiro = H\u00e4nde, praktos = tun. Das Ziel der Behandlung ist es, die normale Funktion der Wirbels\u00e4ule mit Hilfe der H\u00e4nde wiederherzustellen.<\/p>\r\n<p>Die Chiropraktik umfasst Diagnose, Behandlung, Rehabilitation und Pr\u00e4vention von R\u00fcckenschmerzen. Aus der Chiropraktik hat sich inzwischen eine Vielzahl von \u00e4hnlichen Therapien entwickelt, wie die Neuropathie, Osteopathie und sanftere chiropraktische Techniken.<\/p>\r\n<h3>Pr\u00e4ventive Therapie durch manuelle Behandlung des R\u00fcckens<\/h3>\r\n<p>Warum haben aktuell 80% der Menschen R\u00fcckenschmerzen? Dies ist eine Frage, die noch nicht endg\u00fcltig beantwortet wurde. Eine m\u00f6gliche Antwort kann aber etwas sein, das Dr. Wilhelm Ackermann bereits vor vielen Jahren herausgefunden hat: Bei fast 60% der Kinder zwischen 7 und 14 Jahren konnten unterschiedliche Beinl\u00e4ngen festgestellt werden. Kinder haben in der Regel keine gravierenden R\u00fcckenprobleme, aber wenn sie das Erwachsenenalter erreichen, wird der R\u00fccken einer monotonen Haltung ausgesetzt oder es kommt durch Fehlbelastung zu pl\u00f6tzlichem Schmerz.<\/p>\r\n<p>Gleichgewichtsprobleme werden bereits in der Kindheit erworben und wirken sich so latent auf die Gelenke und das normale Bewegungsverhalten aus, was wiederum dazu f\u00fchren kann, dass reflexartig zu hohe Muskelspannung herrscht, wodurch Triggerpunkte verursacht werden k\u00f6nnen. Muskelverspannungen und Schmerzen sind eng miteinander verkn\u00fcpft.<\/p>\r\n<p>Die meisten R\u00fcckenschmerzen sind gutartig, weswegen manuelle Therapien eine wirksame Behandlung darstellen. Bei einem R\u00fcckenspezialisten wird eine Analyse des Umfeldes und der Haltung des Patienten aufgestellt. Es ist auch wichtig, den allgemeinen Gesundheitszustand und die aktuell eingenommenen Medikamente zu beachten. Die allgemeine Haltung des R\u00fcckens und das Gleichgewicht werden oft mit einer anf\u00e4nglichen Messung der Beinl\u00e4nge ermittelt. Muskelspannung und Beweglichkeit der Wirbels\u00e4ule werden gemessen und Schmerzpunkte identifiziert.<\/p>\r\n<h3>Was macht ein Chiropraktiker?<\/h3>\r\n<p>Was ist ein Chiropraktiker? Er oder sie arbeitet daran, die normale Funktion in den Gelenken, Muskeln und dem Nervensystem wieder herzustellen. Die wichtigste Methode der Behandlung ist der chiropraktische Einstellmechanismus. Dieser besteht aus verschiedenen Handgriffen und sorgt f\u00fcr die Mobilisierung von Gelenken oder dem Wirbels\u00e4ulenbereich. Die Anzahl der angewandten Behandlungen ist abh\u00e4ngig von Ihren Symptomen und deren Dauer.<\/p>\r\n<h3>Welche Beschwerden behandelt ein Chiropraktiker?<\/h3>\r\n<p>Ein Chiropraktiker behandelt PatientInnen mit Schmerzen im Bewegungsapparat. Diese Probleme k\u00f6nnen sowohl akut als auch chronisch sein. G\u00e4ngige Beispiele f\u00fcr Probleme die behandelt werden sind: R\u00fccken- und Nackenschmerzen, Hexenschuss, Ischias, Kopfschmerzen, Migr\u00e4ne, Schwindel, Probleme mit den Atemwegen und Verdauungsprobleme, pr\u00e4menstruelle Schmerzen, Zerrungen, Muskel- und Gelenkschmerzen, Tennisarme, Sportverletzungen, Abnutzungserscheinungen und Stress.<\/p>\r\n<p>Vorbehandlungen vor der eigentlichen manuellen Therapie sind ein wichtiger Teil der Behandlung. W\u00e4rmebehandlungen mit transkutaner, elektrischer Nervenstimulation (TENS) ist ein Teil der Behandlung. Massage und punktuelle Drucktherapie k\u00f6nnen als Zusatzbehandlung gegen zu hohe Muskelspannung angewandt werden. Akupunktur zur Behandlung von Schmerzen und Dehnungsbehandlung zur Reduzierung des Nervendrucks wird haupts\u00e4chlich bei Ischias-Problemen zur Linderung angewandt.<\/p>\r\n<p>Kopfschmerzen und Verspannungen im Nacken und in den Schultern werden zuerst mit Massage und oft mit Akupunktur innerhalb der manuellen Therapie behandelt.<\/p>\r\n<h3>Was ist sanfte Chiropraktik?<\/h3>\r\n<p>Die traditionelle Chiropraktik wird von vielen als grob empfunden. Deshalb entwickelten sich chiropraktische Techniken, die &#8222;sanftere chiropraktische Techniken&#8220; genannt wurden und nicht unangenehm sind.<\/p>\r\n<p><img decoding=\"async\" title=\"text-img\" data-src=\"https:\/\/www.ackermann-institutet.se\/wp-content\/uploads\/2019\/02\/text-img.jpg\" alt=\"text-img\" width=\"542\" height=\"305\" src=\"data:image\/svg+xml;base64,PHN2ZyB3aWR0aD0iMSIgaGVpZ2h0PSIxIiB4bWxucz0iaHR0cDovL3d3dy53My5vcmcvMjAwMC9zdmciPjwvc3ZnPg==\" class=\"lazyload\" style=\"--smush-placeholder-width: 542px; --smush-placeholder-aspect-ratio: 542\/305;\" \/><\/p>\r\n<h3>Die richtige Haltung ist die Grundlage der Gesundheit<\/h3>\r\n<p>Unser normaler biologischer Kreislauf erfordert die korrekte Funktion aller Organe und Lebensprozesse in unserem K\u00f6rper. St\u00f6rungen der leitenden Steuerungsmechanismen, also der Nerven, auf dem Weg zum oder vom anf\u00fchrenden &#8222;Zentrum&#8220; k\u00f6nnen die Zellen im K\u00f6rper negativ beeinflussen. Da alle Nerven durch die Wirbels\u00e4ule laufen und durch diese gest\u00f6rt oder gesch\u00fctzt werden k\u00f6nnen, ist die richtige Haltung das Fundament der Gesundheit.<\/p>\r\n<h3>Die St\u00fctzen der Wirbels\u00e4ule sind das Kreuzbein und das Becken<\/h3>\r\n<p>Eine Fehlausrichtung Wirbels\u00e4ulen-Basis verursacht Verschiebungen des ganzen R\u00fcckens \u2013 bis rauf in den Kopf. Der Therapieabschnitt umfasst verschiedene manuelle Techniken zur Behandlung des Gleichgewichtes des Beckens, der Wirbels\u00e4ule und der Extremit\u00e4tengelenke. Dabei sollten eventuelle Triggerpunkte deaktiviert werden. Es ist wichtig, dass der Patient ein individuelles Programm mit einfachen \u00dcbungen erh\u00e4lt.<\/p>\r\n<p>Oft ist es gut, die Rehabilitation mit einem pers\u00f6nlichen Lehrer zu beginnen, der dem Patienten individuelle Beratung und Training zur Verf\u00fcgung stellt. Damit sich der R\u00fccken und der restliche Bewegungsapparat gut anf\u00fchlen, ist regelm\u00e4\u00dfige Bewegung und die Vermeidung von Gewichtszunahme zu Lasten der Knochen und Gelenke wichtig.<\/p>\r\n<h3>Ein ganzheitlicher Ansatz ist wichtig<\/h3>\r\n<p>Damit der Therapeut dauerhafte Ergebnisse erzielen kann, muss er die gesamte Wirbels\u00e4ule von unten nach oben \u00fcberpr\u00fcfen und behandeln. Das bedeutet, dass wir bei der Behandlung einen ganzheitlichen Ansatz leben. Die manuelle Behandlung von R\u00fcckenschmerzen erzielt im Allgemeinen guten Ergebnisse, die \u2013 je nach Alter des Patienten und Dauer der Beschwerden \u2013 zwischen vollst\u00e4ndiger Heilung und erheblicher Linderung der Symptome liegen kann.<\/p>\r\n<h3>Wo kann ich sanfte Chiropraktiker finden?<\/h3>\r\n<p>Chiropraktik-Kliniken sind heutzutage in den meisten deutschen St\u00e4dten zu finden. Hier k\u00f6nnen Sie einen Ackermann-Therapeuten in Ihrer N\u00e4he finden.<\/p>\r\n<p>Wir Mitarbeiter des Ackermann-Institutes verf\u00fcgen \u00fcber umfangreiche Erfahrungen in Umgang mit PatientInnen, die ihre Probleme nach und nach loswerden und somit in der Lage sind, ein aktives Leben ohne R\u00fcckenprobleme und weitere Beschwerden mit den Gelenken, Muskeln und dem Nervensystem zu leben.<\/p>\r\n<p>F\u00fcr uns sind langfristige Ergebnisse und personalisierte Behandlungen der Schl\u00fcssel zu zufriedenen PatientInnen. Das Ackermann-Institut ist die beste Wahl f\u00fcr diejenigen, die ihre Lebensqualit\u00e4t verbessern wollen \u2013 und zwar noch heute.<\/p>\r\n","protected":false},"excerpt":{"rendered":"<p>Chiropraktik Die qualifizierten Therapeuten hier im Ackermann-Institut verf\u00fcgen \u00fcber umfangreiche Erfahrung und profundes Wissen \u00fcber R\u00fcckenschmerzen.Das Wort Chiropraktik kommt aus dem Griechischen. Chiro = H\u00e4nde, praktos = tun. Mit der Hilfe seiner H\u00e4nde stellt der Therapeut die normale Funktion der Wirbels\u00e4ule wieder her. Die Chiropraktik umfasst Diagnose, Behandlung, Rehabilitation und Pr\u00e4vention von R\u00fcckenproblemen. Kontaktieren Sie &#8230; <a title=\"Chiropraktik\" class=\"read-more\" href=\"https:\/\/www.ackermann-institutet.se\/de\/behandlung\/chiropraktik\/\" aria-label=\"Mehr Informationen \u00fcber Chiropraktik\">Weiterlesen<\/a><\/p>\n","protected":false},"author":2,"featured_media":0,"parent":1536,"menu_order":0,"comment_status":"closed","ping_status":"closed","template":"","meta":{"content-type":"","_uf_show_specific_survey":0,"_uf_disable_surveys":false,"footnotes":""},"class_list":["post-1574","page","type-page","status-publish"],"acf":[],"_links":{"self":[{"href":"https:\/\/www.ackermann-institutet.se\/de\/wp-json\/wp\/v2\/pages\/1574","targetHints":{"allow":["GET"]}}],"collection":[{"href":"https:\/\/www.ackermann-institutet.se\/de\/wp-json\/wp\/v2\/pages"}],"about":[{"href":"https:\/\/www.ackermann-institutet.se\/de\/wp-json\/wp\/v2\/types\/page"}],"author":[{"embeddable":true,"href":"https:\/\/www.ackermann-institutet.se\/de\/wp-json\/wp\/v2\/users\/2"}],"replies":[{"embeddable":true,"href":"https:\/\/www.ackermann-institutet.se\/de\/wp-json\/wp\/v2\/comments?post=1574"}],"version-history":[{"count":3,"href":"https:\/\/www.ackermann-institutet.se\/de\/wp-json\/wp\/v2\/pages\/1574\/revisions"}],"predecessor-version":[{"id":1666,"href":"https:\/\/www.ackermann-institutet.se\/de\/wp-json\/wp\/v2\/pages\/1574\/revisions\/1666"}],"up":[{"embeddable":true,"href":"https:\/\/www.ackermann-institutet.se\/de\/wp-json\/wp\/v2\/pages\/1536"}],"wp:attachment":[{"href":"https:\/\/www.ackermann-institutet.se\/de\/wp-json\/wp\/v2\/media?parent=1574"}],"curies":[{"name":"wp","href":"https:\/\/api.w.org\/{rel}","templated":true}]}}