{"id":1570,"date":"2019-03-27T08:41:56","date_gmt":"2019-03-27T08:41:56","guid":{"rendered":"https:\/\/www.ackermann-institutet.se\/behandling\/osteopathie\/"},"modified":"2019-03-29T07:04:49","modified_gmt":"2019-03-29T07:04:49","slug":"osteopathie","status":"publish","type":"page","link":"https:\/\/www.ackermann-institutet.se\/de\/behandlung\/osteopathie\/","title":{"rendered":"Osteopathie"},"content":{"rendered":"\r\n<h1>Osteopathie<\/h1>\r\n<p>Das Ackermann-Institut geh\u00f6rt heute zu den f\u00fchrenden Experten in der Osteopathie. Osteopathie konzentriert sich auf den K\u00f6rper als Ganzes und die Optimierung seiner Leistung, in dem man den Ursprung des Schmerzes und der Probleme des Patienten findet.<br \/>Ein Osteopath verwendet sanfte manuelle Techniken, um die K\u00f6rperfunktion durch seine H\u00e4nden zu verbessern. Die Selbstheilungsmechanismen im K\u00f6rper werden aktiviert und beschleunigen den Heilungsprozess. <a role=\"button\" href=\"mailto:info@ackermann-institutet.se\" target=\"_blank\" rel=\"noopener\"> Kontaktieren Sie uns <\/a><\/p>\r\n<ul>\r\n<li><a href=\"#first-slide\">Einleitung<\/a><\/li>\r\n<li><a href=\"#text-slide\">\u00dcber das Symptom<\/a><\/li>\r\n<\/ul>\r\n<h1>Was ist Osteopathie?<\/h1>\r\n<p>Die Osteopathie ist der Auffassung, dass Gesundheit und Lebensqualit\u00e4t durch die k\u00f6rpereigene Funktion, seine Umgebung und alle Zusammenh\u00e4nge beeinflusst werden. Osteopathie wurde in der Mitte des 19. Jahrhunderts gegr\u00fcndet und hat einige \u00c4hnlichkeiten mit der Chiropraktik. Im Allgemeinen kann man sagen, dass sich die Osteopathie darauf konzentriert, die k\u00f6rpereigene Funktion zu optimieren und somit die Faktoren, die die Gesundheit des Einzelnen beeinflussen, herauszufinden.<\/p>\r\n<p>Die Osteopathie ist eine manuelle medizinische Praxis, die mit den H\u00e4nden als Werkzeug bei Diagnose und Behandlung arbeitet. Man behandelt den K\u00f6rper als Ganzes und versucht, die Gr\u00fcnde f\u00fcr die Entstehung der Schmerzen zu finden.<\/p>\r\n<p>Durch verbesserte Belastung und Gelenksfunktion wird der ganze K\u00f6rper beeinflusst, die Muskelspannung nimmt ab, dadurch werden die Blutzirkulation und das Nervensystem stimuliert, so dass die Selbstheilungssysteme optimal funktionieren k\u00f6nnen.<\/p>\r\n<h3>Was macht ein Osteopath?<\/h3>\r\n<p>Ein Osteopath verwendet sanfte manuelle Techniken, um die K\u00f6rperfunktion durch seine H\u00e4nden zu verbessern. Vor der Behandlung nimmt man sich viel Zeit, um eine genaue Diagnose der Ursache der Symptome zu erstellen. Blockaden werden entdeckt und k\u00f6nnen mit dem Einsatz von selektiven und weichen Techniken gel\u00f6st werden.<\/p>\r\n<p>Die Selbstheilungsmechanismen im K\u00f6rper werden aktiviert und beschleunigen den Heilungsprozess. Der Patient erh\u00e4lt auch eine Beratung zu Bewegung, Ern\u00e4hrung und anderen Lifestyle-Faktoren, die die Gesundheit in einer stressigen Gesellschaft beeinflussen k\u00f6nnen.<\/p>\r\n<h3>Welche Beschwerden behandelt ein Osteopath?<\/h3>\r\n<p>Sowohl akute Probleme im Fall einer Verletzung oder \u00dcberlastung, als auch lang anhaltende Schmerzen, die durch arbeitsbedingten Stress und Belastung entstehen k\u00f6nnen, werden durch einen erfahrenen Osteopath behandelt.<\/p>\r\n<p>G\u00e4ngige Beispiele f\u00fcr Probleme, die behandelt werden, sind: R\u00fccken- und Nackenschmerzen, Hexenschuss, Ischias, Kopfschmerzen, Migr\u00e4ne, Schwindel, Probleme mit den Atemwegen und Verdauungsprobleme, pr\u00e4menstruelle Schmerzen, Zerrungen, Muskel- und Gelenkschmerzen, Tennisarme, Sportverletzungen, Abnutzungserscheinungen und Stress.<\/p>\r\n<p>Ein Osteopath kann einfach helfen, Patienten mit verschiedenen Arten von St\u00f6rungen, die Probleme im t\u00e4glichen Leben verursachen, zu behandeln.<\/p>\r\n<h3>Strukturelle Osteopathie<\/h3>\r\n<p>Strukturelle Osteopathie ist der Teil der Osteopathie, der der Chiropraktik am \u00e4hnlichsten ist und seit mehr als 2000 Jahren zur Heilung und Linderung von R\u00fcckenschmerzen angewandt wird. Gute Osteopathen k\u00f6nnen sich schnell ein Urteil \u00fcber die Art der Behandlung machen, die f\u00fcr jeden Patienten individuell angewandt werden soll.<\/p>\r\n<h3>Wer leidet unter Schmerzproblemen?<\/h3>\r\n<p>Alle Menschen k\u00f6nnen im Laufe ihres Lebens unter Schmerzsymptomatik leiden. Die meisten sp\u00fcren die Schmerzen beim \u00c4lterwerden, aber auch junge Menschen, die zum Beispiel sportlich aktiv sind, k\u00f6nnen von der Behandlung durch einen Osteopathen profitieren.<\/p>\r\n<p>Die gute Nachricht ist einfach, dass man heute verschiedene Schmerzprobleme behandeln kann, die von der Gesundheitsversorgung fr\u00fcher kaum Hilfe erwarten durften.<\/p>\r\n<h3>Kann man die Probleme selbst verhindern?<\/h3>\r\n<p>Schmerzen im K\u00f6rper werden h\u00e4ufig durch pl\u00f6tzliche Fehlbelastung oder Sch\u00e4den verbunden mit Bewegung verursacht. Sobald man schon Schwierigkeiten hat, ist ein Besuch bei einem Osteopathen in den meisten F\u00e4llen eine gute Investition, weil der Osteopath diagnostizieren, warum Schmerzen aufgetreten sind und zus\u00e4tzlich kann er eine Behandlung mit eigenen Aktivit\u00e4ten f\u00fcr Sie zu Hause vorschlagen.<\/p>\r\n<p><img decoding=\"async\" title=\"text-img\" data-src=\"https:\/\/www.ackermann-institutet.se\/wp-content\/uploads\/2019\/02\/text-img.jpg\" alt=\"text-img\" width=\"542\" height=\"305\" src=\"data:image\/svg+xml;base64,PHN2ZyB3aWR0aD0iMSIgaGVpZ2h0PSIxIiB4bWxucz0iaHR0cDovL3d3dy53My5vcmcvMjAwMC9zdmciPjwvc3ZnPg==\" class=\"lazyload\" style=\"--smush-placeholder-width: 542px; --smush-placeholder-aspect-ratio: 542\/305;\" \/><\/p>\r\n<p>Trotzdem hat man immer davon profitiert, \u00dcbungen zu Hause und in der Arbeit zu machen und Fehlbelastungen im Sitzen und Stehen auszugleichen. Eine St\u00e4rkung des K\u00f6rpers durch einfache \u00dcbungen und leichtes Training ist auch gut, um Probleme in ihrer Entstehung zu verhindern.<\/p>\r\n<h3>Wo finde ich einen guten Osteopathen?<\/h3>\r\n<p>Es gibt zur Zeit osteopathische Kliniken im ganzen Land, so dass die Suche nach Linderung Ihrer Beschwerden in der Stadt eines jeden gew\u00e4hrleistet ist. Diejenigen, die im Hauptstadtgebiet leben, k\u00f6nnen durch eine einfache Suche unter &#8222;Osteopathie Stockholm&#8220; oder &#8222;Osteopath Stockholm&#8220; gute Kliniken finden. Eine der bekanntesten Kliniken ist das Ackermann-Institut, das seit vielen Jahren Patienten mit verschiedenen Arten von Schmerzproblemen hilft. Hier k\u00f6nnen Sie einen Ackermann-Therapeuten in Ihrer N\u00e4he finden.<\/p>\r\n<p>Wir beim Ackermann-Institut sind Experten in der Osteopathie und Dank unserer umfassenden Expertise im Bereich sind wir eine beliebte Wahl unter den Patienten in Stockholm und dem Rest des Landes. Als Therapeuten sehen wir die ganze Person und ber\u00fccksichtigen Faktoren wie Ihren Lebensstil, Ihren allgemeinen Gesundheitszustand und Ihre Ern\u00e4hrung bei der Beurteilung, welche Behandlung wir Ihnen anbieten k\u00f6nnen.<\/p>\r\n<p>Durch einen Besuch im Ackermann-Institut k\u00f6nnen Suie sich, anders gesagt, sicher sein, dass wir Ihre pers\u00f6nlichen Bed\u00fcrfnisse mit einbeziehen, w\u00e4hrend wir Ihre Schmerzen behandeln und Ihnen zu einem Leben mit leichterer Bewegung und einem starken, schmerzfreien K\u00f6rper verhelfen.<\/p>\r\n<h3>Wie lange dauert die Ausbildung?<\/h3>\r\n<p><strong>Terti\u00e4rer Bildungsbereich<\/strong><br \/>Im Ausland und in den USA ist es m\u00f6glich, nach der High School eine universit\u00e4re Ausbildung in Osteopathie zu absolvieren. Nach 4-6 Jahren Studium wird man Osteopath und arbeitet mit Patienten verschiedenster Art. Die Ausbildung kostet etwa 50.000 Euro an Kursgeb\u00fchren und liefert fundierte Kenntnisse in diesem Bereich. <strong>Fortbildung<\/strong><br \/>F\u00fcr Therapeuten mit Erfahrung mit Patienten und Grundausbildung in Anatomie und Physiologie, wie \u00c4rzte, Physiotherapeuten, Chiropraktiker, Osteopathen und Neuropathen gibt es heutzutage ein intensives Training in struktureller Osteopathie und sanfter Chiropraktik.<\/p>\r\n<p>Das Ackermann College bietet Ihnen die M\u00f6glichkeit, chiropraktisch-osteopatische Behandlungskonzepte zu erlernen, die sich durch gezielte Diagnose und wirksame Behandlungstechniken als ein einzigartiges, ganzheitliches Programm auszeichnen. Wir sind immer auf dem Laufenden, welche Techniken auf der ganzen Welt verwendet werden und bieten Ihnen immer das Beste der Osteopathie an.<\/p>\r\n<p>Mit diesem Programm k\u00f6nnen Sie nach dem ersten Kurs erfolgreich Behandlungen in Ihrer eigenen Praxis anwenden. Unsere Kurse konzentrieren sich auf die praktische Ausbildung (90%), wobei das Lehrbuch und die Instruktions-DVD Ihnen eine zus\u00e4tzliche Hilfe in Ihrer Ausbildung geben.<\/p>\r\n","protected":false},"excerpt":{"rendered":"<p>Osteopathie Das Ackermann-Institut geh\u00f6rt heute zu den f\u00fchrenden Experten in der Osteopathie. Osteopathie konzentriert sich auf den K\u00f6rper als Ganzes und die Optimierung seiner Leistung, in dem man den Ursprung des Schmerzes und der Probleme des Patienten findet.Ein Osteopath verwendet sanfte manuelle Techniken, um die K\u00f6rperfunktion durch seine H\u00e4nden zu verbessern. Die Selbstheilungsmechanismen im K\u00f6rper &#8230; <a title=\"Osteopathie\" class=\"read-more\" href=\"https:\/\/www.ackermann-institutet.se\/de\/behandlung\/osteopathie\/\" aria-label=\"Mehr Informationen \u00fcber Osteopathie\">Weiterlesen<\/a><\/p>\n","protected":false},"author":2,"featured_media":0,"parent":1536,"menu_order":0,"comment_status":"closed","ping_status":"closed","template":"","meta":{"content-type":"","_uf_show_specific_survey":0,"_uf_disable_surveys":false,"footnotes":""},"class_list":["post-1570","page","type-page","status-publish"],"acf":[],"_links":{"self":[{"href":"https:\/\/www.ackermann-institutet.se\/de\/wp-json\/wp\/v2\/pages\/1570","targetHints":{"allow":["GET"]}}],"collection":[{"href":"https:\/\/www.ackermann-institutet.se\/de\/wp-json\/wp\/v2\/pages"}],"about":[{"href":"https:\/\/www.ackermann-institutet.se\/de\/wp-json\/wp\/v2\/types\/page"}],"author":[{"embeddable":true,"href":"https:\/\/www.ackermann-institutet.se\/de\/wp-json\/wp\/v2\/users\/2"}],"replies":[{"embeddable":true,"href":"https:\/\/www.ackermann-institutet.se\/de\/wp-json\/wp\/v2\/comments?post=1570"}],"version-history":[{"count":4,"href":"https:\/\/www.ackermann-institutet.se\/de\/wp-json\/wp\/v2\/pages\/1570\/revisions"}],"predecessor-version":[{"id":1667,"href":"https:\/\/www.ackermann-institutet.se\/de\/wp-json\/wp\/v2\/pages\/1570\/revisions\/1667"}],"up":[{"embeddable":true,"href":"https:\/\/www.ackermann-institutet.se\/de\/wp-json\/wp\/v2\/pages\/1536"}],"wp:attachment":[{"href":"https:\/\/www.ackermann-institutet.se\/de\/wp-json\/wp\/v2\/media?parent=1570"}],"curies":[{"name":"wp","href":"https:\/\/api.w.org\/{rel}","templated":true}]}}