{"id":1554,"date":"2019-03-22T13:38:33","date_gmt":"2019-03-22T13:38:33","guid":{"rendered":"https:\/\/www.ackermann-institutet.se\/therapeuten\/ackermann-network\/"},"modified":"2025-10-24T07:18:16","modified_gmt":"2025-10-24T07:18:16","slug":"ackermann-network","status":"publish","type":"page","link":"https:\/\/www.ackermann-institutet.se\/de\/therapeuten\/ackermann-network\/","title":{"rendered":"Ackermann Network"},"content":{"rendered":"\n<h1>\n\t\t\tDas Ackermann Network &#8211; Pl\u00e4ne, die mit Ihrer Praxis wachsen\t<\/h1>\n\t<h3><strong>Mitmachen. Lernen. Gefunden werden.<\/strong><\/h3>\nDie Plattform f\u00fcr Absolventen der Strukturellen Osteopathie und Sanften Chiropraktik.<br \/>\n\nProfitieren Sie auch nach Abschluss Ihrer Kurse von unserem Wissen und unserer Unterst\u00fctzung. W\u00e4hlen Sie den Zugangslevel, der zu Ihrem Kursstatus und Ihren Praxisbed\u00fcrfnissen passt &#8211; ein Upgrade ist jederzeit m\u00f6glich.\n<hr data-start=\"561\" data-end=\"564\" \/>\n<h3 data-start=\"566\" data-end=\"602\"><strong data-start=\"569\" data-end=\"600\">Schnellauswahl (Empfehlung)<\/strong><\/h3>\n<strong data-start=\"603\" data-end=\"619\">PRO (Master) <\/strong>&#8211; Das beste Preis-Leistungs-Verh\u00e4ltnis f\u00fcr aktive Therapeut:innen mit vollem Community-Zugang, Logonutzung, Schreibrechten f\u00fcr Dateien und Top-Sichtbarkeit auf der Therapeutenkarte.<br data-start=\"801\" data-end=\"804\" \/><strong data-start=\"804\" data-end=\"814\">HONOUR<\/strong> &#8211; Gleiche Funktionen wie PRO, speziell f\u00fcr Absolvent:innen des <strong data-start=\"878\" data-end=\"894\">Ehrendiploms<\/strong>.\n<hr data-start=\"897\" data-end=\"900\" \/>\n<h2 data-start=\"902\" data-end=\"923\"><strong data-start=\"905\" data-end=\"923\">Pl\u00e4ne &amp; Preise<\/strong><\/h2>\n<h3 data-start=\"925\" data-end=\"971\"><strong data-start=\"929\" data-end=\"969\">Kostenlose Testphase &#8211; 0 \u20ac \/ 10 Tage<\/strong><\/h3>\nF\u00fcr neue Mitglieder, wenn Sie bereits an einem Kurs teilgenommen oder sich registriert haben, die die Plattform ausprobieren m\u00f6chten.<br \/>\nKostenlose Testphase starten &#8211; <a href=\"https:\/\/www.ackermann-institutet.se\/de\/therapeuten\/ackermann-network\/#footer\">jetzt Kontakt aufnehmen<\/a><br \/>\n\n<ul>\n<li data-start=\"1038\" data-end=\"1068\">Community-Zugang (nur Lesen)<\/li>\n<li data-start=\"1071\" data-end=\"1092\">Nachrichten (Lesen)<\/li>\n<li data-start=\"1095\" data-end=\"1117\">Diskussionen (Lesen)<\/li>\n<li data-start=\"1120\" data-end=\"1143\">Basis-Dateien (Lesen)<\/li>\n<li data-start=\"1146\" data-end=\"1193\"><strong data-start=\"1146\" data-end=\"1155\">Keine<\/strong> Logo-Downloads, <strong data-start=\"1172\" data-end=\"1180\">kein<\/strong> Karten-Pin<\/li>\n<\/ul>\n<hr data-start=\"1195\" data-end=\"1198\" \/>\n<h3 data-start=\"1200\" data-end=\"1232\"><strong data-start=\"1204\" data-end=\"1230\">BASIC &#8211; 59,38 \u20ac \/ Jahr\u00a0 \u00a0 <img decoding=\"async\" data-src=\"https:\/\/www.ackermann-network.com\/storage\/images\/icons\/map_pins\/basic.png?_=1723802838\" width=\"30\" height=\"30\" src=\"data:image\/svg+xml;base64,PHN2ZyB3aWR0aD0iMSIgaGVpZ2h0PSIxIiB4bWxucz0iaHR0cDovL3d3dy53My5vcmcvMjAwMC9zdmciPjwvc3ZnPg==\" class=\"lazyload\" style=\"--smush-placeholder-width: 30px; --smush-placeholder-aspect-ratio: 30\/30;\" \/>\u00a0<\/strong><\/h3>\nF\u00fcr Teilnehmer:innen und Absolvent:innen des <strong data-start=\"1278\" data-end=\"1293\">Grundkurses<\/strong>.<br \/>\nKarten-Pin anfordern &#8211; <a href=\"https:\/\/www.ackermann-institutet.se\/de\/therapeuten\/ackermann-network\/#footer\">jetzt Kontakt aufnehmen<\/a><br \/>\n\n<ul>\n<li data-start=\"1300\" data-end=\"1325\">Schwarzes Brett (Lesen)<\/li>\n<li data-start=\"1328\" data-end=\"1361\">Nachrichten (Lesen &amp; Schreiben)<\/li>\n<li data-start=\"1364\" data-end=\"1398\">Diskussionen (Lesen &amp; Schreiben)<\/li>\n<li data-start=\"1401\" data-end=\"1491\">Dateien (Lesen &amp; Herunterladen: Einverst\u00e4ndniserkl\u00e4rungen, Publikationen, Heimprogramme)<\/li>\n<li data-start=\"1494\" data-end=\"1532\">Therapeutenkarte mit <strong data-start=\"1515\" data-end=\"1529\">gr\u00fcnem Pin<\/strong>*<\/li>\n<li data-start=\"1535\" data-end=\"1557\">Videothek (Basisset)<\/li>\n<li data-start=\"1560\" data-end=\"1581\">Kursskripte (Lesen)<\/li>\n<\/ul>\n<hr data-start=\"1583\" data-end=\"1586\" \/>\n<h3 data-start=\"1588\" data-end=\"1621\"><strong data-start=\"1592\" data-end=\"1619\">BASIC+ &#8211; 75,00 \u20ac \/ Jahr\u00a0 \u00a0<\/strong><strong data-start=\"1204\" data-end=\"1230\"><img decoding=\"async\" data-src=\"https:\/\/www.ackermann-network.com\/storage\/images\/icons\/map_pins\/basic.png?_=1723802838\" width=\"30\" height=\"30\" src=\"data:image\/svg+xml;base64,PHN2ZyB3aWR0aD0iMSIgaGVpZ2h0PSIxIiB4bWxucz0iaHR0cDovL3d3dy53My5vcmcvMjAwMC9zdmciPjwvc3ZnPg==\" class=\"lazyload\" style=\"--smush-placeholder-width: 30px; --smush-placeholder-aspect-ratio: 30\/30;\" \/><\/strong><\/h3>\nF\u00fcr Therapeut:innen, die mehr Inhalte m\u00f6chten, ohne auf PRO zu wechseln. Account freischalten &#8211; <a href=\"https:\/\/www.ackermann-institutet.se\/de\/therapeuten\/ackermann-network\/#footer\">jetzt Kontakt aufnehmen<\/a>\n<ul>\n<li data-start=\"1700\" data-end=\"1721\">Alles aus <strong data-start=\"1710\" data-end=\"1719\">BASIC<\/strong><\/li>\n<li data-start=\"1724\" data-end=\"1750\">Online-Lehrbuch (E-Book)<\/li>\n<li data-start=\"1753\" data-end=\"1775\">Erweiterte Videothek<\/li>\n<li data-start=\"1778\" data-end=\"1820\">Vorrangige Unterst\u00fctzung in Diskussionen<\/li>\n<li data-start=\"1823\" data-end=\"1872\">Fr\u00fcher Zugriff auf ausgew\u00e4hlte Dateien\/Vorlagen<\/li>\n<\/ul>\n<hr data-start=\"1874\" data-end=\"1877\" \/>\n<h3 data-start=\"1879\" data-end=\"1919\"><strong data-start=\"1883\" data-end=\"1917\">PRO (Master) &#8211; 118,75 \u20ac \/ Jahr\u00a0 \u00a0 <img decoding=\"async\" data-src=\"https:\/\/www.ackermann-network.com\/storage\/images\/icons\/map_pins\/professional.png?_=1723802838\" width=\"40\" height=\"40\" src=\"data:image\/svg+xml;base64,PHN2ZyB3aWR0aD0iMSIgaGVpZ2h0PSIxIiB4bWxucz0iaHR0cDovL3d3dy53My5vcmcvMjAwMC9zdmciPjwvc3ZnPg==\" class=\"lazyload\" style=\"--smush-placeholder-width: 40px; --smush-placeholder-aspect-ratio: 40\/40;\" \/><\/strong><\/h3>\nF\u00fcr Absolvent:innen des <strong data-start=\"1944\" data-end=\"1971\">Fortgeschrittenenkurses<\/strong>, die eine aktive Praxis f\u00fchren.\n<ul>\n<li data-start=\"2009\" data-end=\"2031\">Alles aus <strong data-start=\"2019\" data-end=\"2029\">BASIC+<\/strong><\/li>\n<li data-start=\"2034\" data-end=\"2071\">Schwarzes Brett (Lesen &amp; Schreiben)<\/li>\n<li data-start=\"2074\" data-end=\"2116\">Nachrichten (Lesen &amp; Schreiben, Gruppen)<\/li>\n<li data-start=\"2119\" data-end=\"2190\">Diskussionen (Lesen &amp; Schreiben, Patient:innenf\u00e4lle inkl. Bildgebung)<\/li>\n<li data-start=\"2193\" data-end=\"2253\"><strong data-start=\"2193\" data-end=\"2216\">Dateien (Schreiben)<\/strong> &#8211; eigene Vorlagen hochladen\/teilen<\/li>\n<li data-start=\"2256\" data-end=\"2324\"><strong data-start=\"2256\" data-end=\"2272\">Master-Logos<\/strong> &#8211; <strong data-start=\"2275\" data-end=\"2297\">Download &amp; Nutzung<\/strong>* auf der eigenen Website<\/li>\n<li data-start=\"2327\" data-end=\"2364\">Therapeutenkarte mit <strong data-start=\"2348\" data-end=\"2361\">rotem Pin<\/strong>*<\/li>\n<li data-start=\"2367\" data-end=\"2406\">Vollst\u00e4ndige Videothek (inkl. Extras)<\/li>\n<li data-start=\"2409\" data-end=\"2428\">Kursskripte &#8211; PRO<\/li>\n<\/ul>\n<hr data-start=\"2430\" data-end=\"2433\" \/>\n<h3 data-start=\"2435\" data-end=\"2469\"><strong data-start=\"2439\" data-end=\"2467\">HONOUR &#8211; 147,00 \u20ac \/ Jahr\u00a0 \u00a0 <img decoding=\"async\" data-src=\"https:\/\/www.ackermann-network.com\/storage\/images\/icons\/map_pins\/honour.png?_=1723802838\" width=\"50\" height=\"50\" src=\"data:image\/svg+xml;base64,PHN2ZyB3aWR0aD0iMSIgaGVpZ2h0PSIxIiB4bWxucz0iaHR0cDovL3d3dy53My5vcmcvMjAwMC9zdmciPjwvc3ZnPg==\" class=\"lazyload\" style=\"--smush-placeholder-width: 50px; --smush-placeholder-aspect-ratio: 50\/50;\" \/><\/strong><\/h3>\nF\u00fcr Absolvent:innen des <strong data-start=\"2494\" data-end=\"2510\">Ehrendiploms<\/strong> und leitende Instruktor:innen.\n<ul>\n<li data-start=\"2547\" data-end=\"2566\">Alles aus <strong data-start=\"2557\" data-end=\"2564\">PRO<\/strong><\/li>\n<li data-start=\"2569\" data-end=\"2608\">Therapeutenkarte mit <strong data-start=\"2590\" data-end=\"2605\">orangem Pin<\/strong>*<\/li>\n<li data-start=\"2611\" data-end=\"2654\">Vorrangige Platzierung in Suchergebnissen<\/li>\n<li data-start=\"2657\" data-end=\"2712\">Fr\u00fcher Zugriff auf neue Materialien &amp; Pilotfunktionen<\/li>\n<li data-start=\"2715\" data-end=\"2737\">Kursskripte &#8211; HONOUR<\/li>\n<li data-start=\"2740\" data-end=\"2825\">Werbung f\u00fcr Produkte\/Dienstleistungen <strong data-start=\"2778\" data-end=\"2785\">nur<\/strong> mit Genehmigung des Ackermann College<\/li>\n<\/ul>\n<hr data-start=\"2827\" data-end=\"2830\" \/>\n<h2 data-start=\"2832\" data-end=\"2875\"><strong data-start=\"2835\" data-end=\"2875\">Funktions\u00fcbersicht (auf einen Blick)<\/strong><\/h2>\n<table data-start=\"2877\" data-end=\"3684\">\n<thead data-start=\"2877\" data-end=\"2942\">\n<tr data-start=\"2877\" data-end=\"2942\">\n<th data-start=\"2877\" data-end=\"2888\" data-col-size=\"sm\">Funktion<\/th>\n<th data-start=\"2888\" data-end=\"2900\" data-col-size=\"sm\">Testphase<\/th>\n<th data-start=\"2900\" data-end=\"2908\" data-col-size=\"sm\">BASIC<\/th>\n<th data-start=\"2908\" data-end=\"2917\" data-col-size=\"sm\">BASIC+<\/th>\n<th data-start=\"2917\" data-end=\"2932\" data-col-size=\"sm\">PRO (Master)<\/th>\n<th data-start=\"2932\" data-end=\"2942\" data-col-size=\"sm\">HONOUR<\/th>\n<\/tr>\n<\/thead>\n<tbody data-start=\"2974\" data-end=\"3684\">\n<tr data-start=\"2974\" data-end=\"3025\">\n<td data-start=\"2974\" data-end=\"2992\" data-col-size=\"sm\">Schwarzes Brett<\/td>\n<td data-start=\"2992\" data-end=\"2996\" data-col-size=\"sm\">L<\/td>\n<td data-start=\"2996\" data-end=\"3000\" data-col-size=\"sm\">L<\/td>\n<td data-start=\"3000\" data-end=\"3004\" data-col-size=\"sm\">L<\/td>\n<td data-start=\"3004\" data-end=\"3014\" data-col-size=\"sm\"><strong data-start=\"3006\" data-end=\"3013\">L\/S<\/strong><\/td>\n<td data-start=\"3014\" data-end=\"3025\" data-col-size=\"sm\"><strong data-start=\"3016\" data-end=\"3023\">L\/S<\/strong><\/td>\n<\/tr>\n<tr data-start=\"3026\" data-end=\"3101\">\n<td data-start=\"3026\" data-end=\"3056\" data-col-size=\"sm\">Nachrichten (1:1 &amp; Gruppen)<\/td>\n<td data-start=\"3056\" data-end=\"3060\" data-col-size=\"sm\">L<\/td>\n<td data-start=\"3060\" data-end=\"3070\" data-col-size=\"sm\"><strong data-start=\"3062\" data-end=\"3069\">L\/S<\/strong><\/td>\n<td data-start=\"3070\" data-end=\"3080\" data-col-size=\"sm\"><strong data-start=\"3072\" data-end=\"3079\">L\/S<\/strong><\/td>\n<td data-start=\"3080\" data-end=\"3090\" data-col-size=\"sm\"><strong data-start=\"3082\" data-end=\"3089\">L\/S<\/strong><\/td>\n<td data-start=\"3090\" data-end=\"3101\" data-col-size=\"sm\"><strong data-start=\"3092\" data-end=\"3099\">L\/S<\/strong><\/td>\n<\/tr>\n<tr data-start=\"3102\" data-end=\"3184\">\n<td data-start=\"3102\" data-end=\"3139\" data-col-size=\"sm\">Diskussionen (inkl. F\u00e4lle\/R\u00f6ntgen)<\/td>\n<td data-start=\"3139\" data-end=\"3143\" data-col-size=\"sm\">L<\/td>\n<td data-start=\"3143\" data-end=\"3153\" data-col-size=\"sm\"><strong data-start=\"3145\" data-end=\"3152\">L\/S<\/strong><\/td>\n<td data-start=\"3153\" data-end=\"3163\" data-col-size=\"sm\"><strong data-start=\"3155\" data-end=\"3162\">L\/S<\/strong><\/td>\n<td data-start=\"3163\" data-end=\"3173\" data-col-size=\"sm\"><strong data-start=\"3165\" data-end=\"3172\">L\/S<\/strong><\/td>\n<td data-start=\"3173\" data-end=\"3184\" data-col-size=\"sm\"><strong data-start=\"3175\" data-end=\"3182\">L\/S<\/strong><\/td>\n<\/tr>\n<tr data-start=\"3185\" data-end=\"3270\">\n<td data-start=\"3185\" data-end=\"3214\" data-col-size=\"sm\">Dateien &#8211; Lesen &amp; Download<\/td>\n<td data-start=\"3214\" data-end=\"3222\" data-col-size=\"sm\">Basis<\/td>\n<td data-start=\"3222\" data-end=\"3231\" data-col-size=\"sm\"><strong data-start=\"3224\" data-end=\"3230\">Ja<\/strong><\/td>\n<td data-start=\"3231\" data-end=\"3247\" data-col-size=\"sm\"><strong data-start=\"3233\" data-end=\"3246\">Erweitert<\/strong><\/td>\n<td data-start=\"3247\" data-end=\"3258\" data-col-size=\"sm\"><strong data-start=\"3249\" data-end=\"3257\">Voll<\/strong><\/td>\n<td data-start=\"3258\" data-end=\"3270\" data-col-size=\"sm\"><strong data-start=\"3260\" data-end=\"3268\">Voll<\/strong><\/td>\n<\/tr>\n<tr data-start=\"3271\" data-end=\"3331\">\n<td data-start=\"3271\" data-end=\"3300\" data-col-size=\"sm\">Dateien &#8211; Schreiben\/Upload<\/td>\n<td data-start=\"3300\" data-end=\"3304\" data-col-size=\"sm\">&#8211;<\/td>\n<td data-start=\"3304\" data-end=\"3308\" data-col-size=\"sm\">&#8211;<\/td>\n<td data-start=\"3308\" data-end=\"3312\" data-col-size=\"sm\">&#8211;<\/td>\n<td data-start=\"3312\" data-end=\"3321\" data-col-size=\"sm\"><strong data-start=\"3314\" data-end=\"3320\">Ja<\/strong><\/td>\n<td data-start=\"3321\" data-end=\"3331\" data-col-size=\"sm\"><strong data-start=\"3323\" data-end=\"3329\">Ja<\/strong><\/td>\n<\/tr>\n<tr data-start=\"3332\" data-end=\"3392\">\n<td data-start=\"3332\" data-end=\"3359\" data-col-size=\"sm\">Master-Logos (Download)*<\/td>\n<td data-start=\"3359\" data-end=\"3363\" data-col-size=\"sm\">&#8211;<\/td>\n<td data-start=\"3363\" data-end=\"3367\" data-col-size=\"sm\">&#8211;<\/td>\n<td data-start=\"3367\" data-end=\"3371\" data-col-size=\"sm\">&#8211;<\/td>\n<td data-start=\"3371\" data-end=\"3381\" data-col-size=\"sm\"><strong data-start=\"3373\" data-end=\"3379\">Ja<\/strong>*<\/td>\n<td data-start=\"3381\" data-end=\"3392\" data-col-size=\"sm\"><strong data-start=\"3383\" data-end=\"3389\">Ja<\/strong>*<\/td>\n<\/tr>\n<tr data-start=\"3393\" data-end=\"3481\">\n<td data-start=\"3393\" data-end=\"3427\" data-col-size=\"sm\">Therapeutenkarte &#8211; Pin &amp; Profil<\/td>\n<td data-start=\"3427\" data-end=\"3431\" data-col-size=\"sm\">&#8211;<\/td>\n<td data-start=\"3431\" data-end=\"3443\" data-col-size=\"sm\"><strong data-start=\"3433\" data-end=\"3441\">Gr\u00fcn<\/strong>*<\/td>\n<td data-start=\"3443\" data-end=\"3455\" data-col-size=\"sm\"><strong data-start=\"3445\" data-end=\"3453\">Gr\u00fcn<\/strong>*<\/td>\n<td data-start=\"3455\" data-end=\"3466\" data-col-size=\"sm\"><strong data-start=\"3457\" data-end=\"3464\">Rot<\/strong>*<\/td>\n<td data-start=\"3466\" data-end=\"3481\" data-col-size=\"sm\"><strong data-start=\"3468\" data-end=\"3478\">Orange<\/strong>*<\/td>\n<\/tr>\n<tr data-start=\"3482\" data-end=\"3549\">\n<td data-start=\"3482\" data-end=\"3494\" data-col-size=\"sm\">Videothek<\/td>\n<td data-start=\"3494\" data-end=\"3498\" data-col-size=\"sm\">&#8211;<\/td>\n<td data-start=\"3498\" data-end=\"3510\" data-col-size=\"sm\"><strong data-start=\"3500\" data-end=\"3509\">Basis<\/strong><\/td>\n<td data-start=\"3510\" data-end=\"3526\" data-col-size=\"sm\"><strong data-start=\"3512\" data-end=\"3525\">Erweitert<\/strong><\/td>\n<td data-start=\"3526\" data-end=\"3537\" data-col-size=\"sm\"><strong data-start=\"3528\" data-end=\"3536\">Voll<\/strong><\/td>\n<td data-start=\"3537\" data-end=\"3549\" data-col-size=\"sm\"><strong data-start=\"3539\" data-end=\"3547\">Voll<\/strong><\/td>\n<\/tr>\n<tr data-start=\"3550\" data-end=\"3616\">\n<td data-start=\"3550\" data-end=\"3571\" data-col-size=\"sm\">E-Books (Lehrbuch)<\/td>\n<td data-start=\"3571\" data-end=\"3575\" data-col-size=\"sm\">&#8211;<\/td>\n<td data-start=\"3575\" data-end=\"3579\" data-col-size=\"sm\">&#8211;<\/td>\n<td data-start=\"3579\" data-end=\"3591\" data-col-size=\"sm\"><strong data-start=\"3581\" data-end=\"3590\">Lesen<\/strong><\/td>\n<td data-start=\"3591\" data-end=\"3603\" data-col-size=\"sm\"><strong data-start=\"3593\" data-end=\"3602\">Lesen<\/strong><\/td>\n<td data-start=\"3603\" data-end=\"3616\" data-col-size=\"sm\"><strong data-start=\"3605\" data-end=\"3614\">Lesen<\/strong><\/td>\n<\/tr>\n<tr data-start=\"3617\" data-end=\"3684\">\n<td data-start=\"3617\" data-end=\"3631\" data-col-size=\"sm\">Kursskripte<\/td>\n<td data-start=\"3631\" data-end=\"3635\" data-col-size=\"sm\">&#8211;<\/td>\n<td data-start=\"3635\" data-end=\"3647\" data-col-size=\"sm\"><strong data-start=\"3637\" data-end=\"3646\">Lesen<\/strong><\/td>\n<td data-start=\"3647\" data-end=\"3659\" data-col-size=\"sm\"><strong data-start=\"3649\" data-end=\"3658\">Lesen<\/strong><\/td>\n<td data-start=\"3659\" data-end=\"3671\" data-col-size=\"sm\"><strong data-start=\"3661\" data-end=\"3670\">Lesen<\/strong><\/td>\n<td data-start=\"3671\" data-end=\"3684\" data-col-size=\"sm\"><strong data-start=\"3673\" data-end=\"3682\">Lesen<\/strong><\/td>\n<\/tr>\n<\/tbody>\n<\/table>\n* <strong data-start=\"3689\" data-end=\"3718\">Teilnahmevoraussetzungen:<\/strong>\n<ul data-start=\"3721\" data-end=\"4111\">\n<li data-start=\"3721\" data-end=\"3888\">\n<strong data-start=\"3723\" data-end=\"3731\">Pins<\/strong> (Gr\u00fcn\/Rot\/Orange) setzen den erfolgreichen Abschluss des entsprechenden Kursniveaus voraus:\n<ul data-start=\"3828\" data-end=\"3888\">\n<li data-start=\"3828\" data-end=\"3888\">\nBasic \u2192 Gr\u00fcn\u2003|\u2003Advanced\/Master \u2192 Rot\u2003|\u2003Honorary \u2192 Orange\n<\/li>\n<\/ul>\n<\/li>\n<li data-start=\"3889\" data-end=\"4003\">\n<strong data-start=\"3891\" data-end=\"3907\">Master-Logos<\/strong> d\u00fcrfen nur nach Abschluss des <strong data-start=\"3938\" data-end=\"3965\">Fortgeschrittenenkurses<\/strong> heruntergeladen und genutzt werden.\n<\/li>\n<li data-start=\"4004\" data-end=\"4111\">\nWerbung f\u00fcr Produkte oder Dienstleistungen ist <strong data-start=\"4053\" data-end=\"4076\">nur mit Genehmigung<\/strong> des Ackermann College gestattet.\n<\/li>\n<\/ul>\n<hr data-start=\"4113\" data-end=\"4116\" \/>\n<h2 data-start=\"4118\" data-end=\"4166\"><strong data-start=\"4121\" data-end=\"4164\">Sonderzug\u00e4nge (f\u00fcr Online-K\u00e4ufer:innen)<\/strong><\/h2>\nWer unsere Lehrmaterialien online gekauft hat, kann auch ohne kompletten Mitgliedsplan reinen Inhaltszugang freischalten:\n<ul>\n<li data-start=\"4294\" data-end=\"4347\"><strong data-start=\"4294\" data-end=\"4316\">Buch Online-K\u00e4ufer<\/strong> &#8211; 49 \u20ac inkl. (E-Book-Zugang)<\/li>\n<li data-start=\"4350\" data-end=\"4411\"><strong data-start=\"4350\" data-end=\"4374\">Videos Online-K\u00e4ufer<\/strong> &#8211; 33,75 \u20ac inkl. (Videothek-Zugang)<\/li>\n<li data-start=\"4414\" data-end=\"4471\"><strong data-start=\"4414\" data-end=\"4444\">Buch + Video Online-K\u00e4ufer<\/strong> &#8211; Kombiangebot verf\u00fcgbar<\/li>\n<\/ul>\n<em data-start=\"4473\" data-end=\"4546\">(Diese Einzelzug\u00e4nge erscheinen nicht auf der Hauptseite des Networks.)<\/em>\n\t\t\t<a href=\"#footer\" target=\"_self\">\n\t\t\t\t\t\t\tKontaktiere uns\n\t\t\t\t\t<\/a>\n\t\t\t<a href=\"https:\/\/ackermann-network.com\/users\/login?redirect_url=%2F\" target=\"_blank\" rel=\"noopener\">\n\t\t\t\t\t\t\tEinloggen\n\t\t\t<\/a>\n\n","protected":false},"excerpt":{"rendered":"<p>Das Ackermann Network &#8211; Pl\u00e4ne, die mit Ihrer Praxis wachsen Mitmachen. Lernen. Gefunden werden. Die Plattform f\u00fcr Absolventen der Strukturellen Osteopathie und Sanften Chiropraktik. Profitieren Sie auch nach Abschluss Ihrer Kurse von unserem Wissen und unserer Unterst\u00fctzung. W\u00e4hlen Sie den Zugangslevel, der zu Ihrem Kursstatus und Ihren Praxisbed\u00fcrfnissen passt &#8211; ein Upgrade ist jederzeit m\u00f6glich. &#8230; <a title=\"Ackermann Network\" class=\"read-more\" href=\"https:\/\/www.ackermann-institutet.se\/de\/therapeuten\/ackermann-network\/\" aria-label=\"Mehr Informationen \u00fcber Ackermann Network\">Weiterlesen<\/a><\/p>\n","protected":false},"author":2,"featured_media":0,"parent":1552,"menu_order":0,"comment_status":"closed","ping_status":"closed","template":"","meta":{"content-type":"","_uf_show_specific_survey":0,"_uf_disable_surveys":false,"footnotes":""},"class_list":["post-1554","page","type-page","status-publish"],"acf":[],"_links":{"self":[{"href":"https:\/\/www.ackermann-institutet.se\/de\/wp-json\/wp\/v2\/pages\/1554","targetHints":{"allow":["GET"]}}],"collection":[{"href":"https:\/\/www.ackermann-institutet.se\/de\/wp-json\/wp\/v2\/pages"}],"about":[{"href":"https:\/\/www.ackermann-institutet.se\/de\/wp-json\/wp\/v2\/types\/page"}],"author":[{"embeddable":true,"href":"https:\/\/www.ackermann-institutet.se\/de\/wp-json\/wp\/v2\/users\/2"}],"replies":[{"embeddable":true,"href":"https:\/\/www.ackermann-institutet.se\/de\/wp-json\/wp\/v2\/comments?post=1554"}],"version-history":[{"count":11,"href":"https:\/\/www.ackermann-institutet.se\/de\/wp-json\/wp\/v2\/pages\/1554\/revisions"}],"predecessor-version":[{"id":2588,"href":"https:\/\/www.ackermann-institutet.se\/de\/wp-json\/wp\/v2\/pages\/1554\/revisions\/2588"}],"up":[{"embeddable":true,"href":"https:\/\/www.ackermann-institutet.se\/de\/wp-json\/wp\/v2\/pages\/1552"}],"wp:attachment":[{"href":"https:\/\/www.ackermann-institutet.se\/de\/wp-json\/wp\/v2\/media?parent=1554"}],"curies":[{"name":"wp","href":"https:\/\/api.w.org\/{rel}","templated":true}]}}