{"id":1552,"date":"2019-03-22T13:11:08","date_gmt":"2019-03-22T13:11:08","guid":{"rendered":"https:\/\/www.ackermann-institutet.se\/therapeuten\/"},"modified":"2025-10-16T22:06:44","modified_gmt":"2025-10-16T22:06:44","slug":"therapeuten","status":"publish","type":"page","link":"https:\/\/www.ackermann-institutet.se\/de\/therapeuten\/","title":{"rendered":"Therapeuten"},"content":{"rendered":"<h1>\r\n\t\tWo finde ich einen Therapeuten?\r\n\t<\/h1>\r\n\tHeute gibt es Therapeuten f\u00fcr Osteopathie und Chiropraktik in allen St\u00e4dten. Suchen Sie nach einem Therapeuten, der Schmerzen im R\u00fccken behandeln kann? Dann ist es wichtig zu \u00fcberpr\u00fcfen, ob ein Therapeut osteopathische und sanfte chiropraktische Methoden kennt.<br \/>\r\n\r\n<p>Wenn Sie sicher sein wollen, dass sich Ihr Therapeut gut mit osteopathischen und sanften chiropraktischen Techniken auskennt, k\u00f6nnen Sie nach Therapeuten suchen, die am Ackermann College ausgebildet wurden. Sie finden die Therapeuten, die unsere Ausbildung &#8222;Strukturelle Oseopathie und sanfte Chiropraktik&#8220; besucht haben, indem Sie die Karte unten betrachten. Um sicher zu sein, dass die Therapeuten die ganze Ausbildung bestanden haben, schauen Sie sich bitte die roten Stifte an (Advanced Level Therapist).<\/p>\r\n\r\n    <iframe data-src=\"https:\/\/www.ackermann-network.com\/places\/embed\" style=\"width: 100%; height: 80vh;\" src=\"data:image\/svg+xml;base64,PHN2ZyB3aWR0aD0iMSIgaGVpZ2h0PSIxIiB4bWxucz0iaHR0cDovL3d3dy53My5vcmcvMjAwMC9zdmciPjwvc3ZnPg==\" class=\"lazyload\" data-load-mode=\"1\"><\/iframe>\r\n","protected":false},"excerpt":{"rendered":"<p>Wo finde ich einen Therapeuten? Heute gibt es Therapeuten f\u00fcr Osteopathie und Chiropraktik in allen St\u00e4dten. Suchen Sie nach einem Therapeuten, der Schmerzen im R\u00fccken behandeln kann? Dann ist es wichtig zu \u00fcberpr\u00fcfen, ob ein Therapeut osteopathische und sanfte chiropraktische Methoden kennt. Wenn Sie sicher sein wollen, dass sich Ihr Therapeut gut mit osteopathischen und &#8230; <a title=\"Therapeuten\" class=\"read-more\" href=\"https:\/\/www.ackermann-institutet.se\/de\/therapeuten\/\" aria-label=\"Mehr Informationen \u00fcber Therapeuten\">Weiterlesen<\/a><\/p>\n","protected":false},"author":2,"featured_media":0,"parent":0,"menu_order":0,"comment_status":"closed","ping_status":"closed","template":"","meta":{"content-type":"","_uf_show_specific_survey":0,"_uf_disable_surveys":false,"footnotes":""},"class_list":["post-1552","page","type-page","status-publish"],"acf":[],"_links":{"self":[{"href":"https:\/\/www.ackermann-institutet.se\/de\/wp-json\/wp\/v2\/pages\/1552","targetHints":{"allow":["GET"]}}],"collection":[{"href":"https:\/\/www.ackermann-institutet.se\/de\/wp-json\/wp\/v2\/pages"}],"about":[{"href":"https:\/\/www.ackermann-institutet.se\/de\/wp-json\/wp\/v2\/types\/page"}],"author":[{"embeddable":true,"href":"https:\/\/www.ackermann-institutet.se\/de\/wp-json\/wp\/v2\/users\/2"}],"replies":[{"embeddable":true,"href":"https:\/\/www.ackermann-institutet.se\/de\/wp-json\/wp\/v2\/comments?post=1552"}],"version-history":[{"count":7,"href":"https:\/\/www.ackermann-institutet.se\/de\/wp-json\/wp\/v2\/pages\/1552\/revisions"}],"predecessor-version":[{"id":2548,"href":"https:\/\/www.ackermann-institutet.se\/de\/wp-json\/wp\/v2\/pages\/1552\/revisions\/2548"}],"wp:attachment":[{"href":"https:\/\/www.ackermann-institutet.se\/de\/wp-json\/wp\/v2\/media?parent=1552"}],"curies":[{"name":"wp","href":"https:\/\/api.w.org\/{rel}","templated":true}]}}