{"id":1536,"date":"2019-03-22T10:56:47","date_gmt":"2019-03-22T10:56:47","guid":{"rendered":"https:\/\/www.ackermann-institutet.se\/behandling\/"},"modified":"2025-01-23T09:56:22","modified_gmt":"2025-01-23T09:56:22","slug":"behandlung","status":"publish","type":"page","link":"https:\/\/www.ackermann-institutet.se\/de\/behandlung\/","title":{"rendered":"Behandlung"},"content":{"rendered":"\n<h1>\n\t\tWir sind Ihre Ressource f\u00fcr eine gute Gesundheit\n\t<\/h1>\n\tWir sind ein seri\u00f6ses medizinisches und alternativmedizinisches Institut in Stockholm, an das man sich f\u00fcr die Behandlung von Schmerzproblematiken wenden kann.\nUnsere Behandlungen basieren auf klinischen Erfahrungen, eigenen internationalen Ausbildungsinstituten, Forschung und wissenschaftlich fundierten Therapieans\u00e4tzen. Wir sind Ihre erste Wahl, wenn Sie Schmerzen im R\u00fccken oder in den Muskeln und Gelenken haben.\n\n\t<ul><li><a href=\"#first-slide\">Einleitung<\/a><\/li><li><a href=\"#list-slide\">An welchen Leiden leiden Sie?<\/a><\/li><li><a href=\"#areas-slide\">Unsere Fachgebiete<\/a><\/li><li><a href=\"#footer\">Kontaktieren Sie uns<\/a><\/li><\/ul>\n<h3>\n\t\tAn welchen Leiden leiden Sie?\n\t<\/h3>\n<h3>\n\t\t Schmerzen im Nacken\n\t<\/h3>\n\t\t\t<a href=\"https:\/\/www.ackermann-institutet.se\/de\/behandling\/schmerzen-im-nacken\/\" target=\"_self\" rel=\"noopener\">\n\t\t\t\t\t\t\tLesen Sie mehr\n\t\t\t<\/a>\n<h3>\n\t\t R\u00fcckenschmerzen\n\t<\/h3>\n\t\t\t<a href=\"https:\/\/www.ackermann-institutet.se\/de\/behandling\/ruckenschmerzen\/\" target=\"_self\" rel=\"noopener\">\n\t\t\t\t\t\t\tLesen Sie mehr\n\t\t\t<\/a>\n<h3>\n\t\tUnsere Fachgebiete\n\t<\/h3>\n\t\t\t<a href=\"#area-123\" target=\"_self\" rel=\"noopener\">\n\t\t\t\t\t\t\tChiropraktik\n\t\t\t\t\t<\/a>\n\t\t\t<a href=\"#area-125\" target=\"_self\" rel=\"noopener\">\n\t\t\t\t\t\t\tOsteopathie\n\t\t\t\t\t<\/a>\n<h1>\n\t\tChiropraktik\n\t<\/h1>\n\t<p>Chiropraktik bedeutet das der Therapeut mit der Hilfe seiner H\u00e4nde die normale Funktion der Wirbels\u00e4ule wieder herstellt. Die Chiropraktik umfasst Diagnose, Behandlung, Rehabilitation und Pr\u00e4vention von R\u00fcckenproblemen.<\/p>\n\t\t\t<a href=\"https:\/\/www.timecenter.se\/ackermann-institutet\/boka\/time\/?rid=32203&#038;tjid=67343&#038;tidval=60\" target=\"_blank\" rel=\"noopener\">\n\t\t\t\t\t\t\tBehandlung buchen\n\t\t\t<\/a>\n\t\t\t<a href=\"https:\/\/www.ackermann-institutet.se\/de\/behandling\/chiropraktik\/\" target=\"_self\" rel=\"noopener\">\n\t\t\t\t\t\t\tLesen Sie mehr\n\t\t\t<\/a>\n<h1>\n\t\tOsteopathie\n\t<\/h1>\n\t<p>Wir Osteopathen verwenden sanfte manuelle Techniken, um die K\u00f6rperfunktion zu verbessern. Die Selbstheilungsmechanismen im K\u00f6rper werden aktiviert und beschleunigen den Heilungsprozess.<\/p>\n\t\t\t<a href=\"https:\/\/www.timecenter.se\/ackermann-institutet\/boka\/time\/?rid=32203&#038;tjid=67343&#038;tidval=60\" target=\"_blank\" rel=\"noopener\">\n\t\t\t\t\t\t\tBehandlung buchen\n\t\t\t<\/a>\n\t\t\t<a href=\"https:\/\/www.ackermann-institutet.se\/de\/behandling\/osteopathie\/\" target=\"_self\" rel=\"noopener\">\n\t\t\t\t\t\t\tLesen Sie mehr\n\t\t\t<\/a>\n\n","protected":false},"excerpt":{"rendered":"<p>Wir sind Ihre Ressource f\u00fcr eine gute Gesundheit Wir sind ein seri\u00f6ses medizinisches und alternativmedizinisches Institut in Stockholm, an das man sich f\u00fcr die Behandlung von Schmerzproblematiken wenden kann. Unsere Behandlungen basieren auf klinischen Erfahrungen, eigenen internationalen Ausbildungsinstituten, Forschung und wissenschaftlich fundierten Therapieans\u00e4tzen. Wir sind Ihre erste Wahl, wenn Sie Schmerzen im R\u00fccken oder in &#8230; <a title=\"Behandlung\" class=\"read-more\" href=\"https:\/\/www.ackermann-institutet.se\/de\/behandlung\/\" aria-label=\"Mehr Informationen \u00fcber Behandlung\">Weiterlesen<\/a><\/p>\n","protected":false},"author":2,"featured_media":0,"parent":0,"menu_order":0,"comment_status":"closed","ping_status":"closed","template":"","meta":{"content-type":"","_uf_show_specific_survey":0,"_uf_disable_surveys":false,"footnotes":""},"class_list":["post-1536","page","type-page","status-publish"],"acf":[],"_links":{"self":[{"href":"https:\/\/www.ackermann-institutet.se\/de\/wp-json\/wp\/v2\/pages\/1536","targetHints":{"allow":["GET"]}}],"collection":[{"href":"https:\/\/www.ackermann-institutet.se\/de\/wp-json\/wp\/v2\/pages"}],"about":[{"href":"https:\/\/www.ackermann-institutet.se\/de\/wp-json\/wp\/v2\/types\/page"}],"author":[{"embeddable":true,"href":"https:\/\/www.ackermann-institutet.se\/de\/wp-json\/wp\/v2\/users\/2"}],"replies":[{"embeddable":true,"href":"https:\/\/www.ackermann-institutet.se\/de\/wp-json\/wp\/v2\/comments?post=1536"}],"version-history":[{"count":14,"href":"https:\/\/www.ackermann-institutet.se\/de\/wp-json\/wp\/v2\/pages\/1536\/revisions"}],"predecessor-version":[{"id":2306,"href":"https:\/\/www.ackermann-institutet.se\/de\/wp-json\/wp\/v2\/pages\/1536\/revisions\/2306"}],"wp:attachment":[{"href":"https:\/\/www.ackermann-institutet.se\/de\/wp-json\/wp\/v2\/media?parent=1536"}],"curies":[{"name":"wp","href":"https:\/\/api.w.org\/{rel}","templated":true}]}}